{"id":184,"date":"2024-06-22T08:44:57","date_gmt":"2024-06-22T08:44:57","guid":{"rendered":"https:\/\/crossfit-diagonal.com\/?page_id=184"},"modified":"2024-09-06T14:28:58","modified_gmt":"2024-09-06T14:28:58","slug":"blog","status":"publish","type":"page","link":"https:\/\/crossfit-diagonal.com\/en\/blog\/","title":{"rendered":"Blog"},"content":{"rendered":"<div data-elementor-type=\"wp-page\" data-elementor-id=\"184\" class=\"elementor elementor-184\" data-elementor-post-type=\"page\">\n\t\t\t\t<div class=\"elementor-element elementor-element-472fe31 e-flex e-con-boxed e-con e-parent\" data-id=\"472fe31\" data-element_type=\"container\" data-settings=\"{&quot;background_background&quot;:&quot;classic&quot;}\">\n\t\t\t\t\t<div class=\"e-con-inner\">\n\t\t\t\t<div class=\"elementor-element elementor-element-6754291 elementor-widget elementor-widget-heading\" data-id=\"6754291\" data-element_type=\"widget\" data-widget_type=\"heading.default\">\n\t\t\t\t<div class=\"elementor-widget-container\">\n\t\t\t\t\t<h1 class=\"elementor-heading-title elementor-size-default\">LEARN ABOUT CROSSFIT<\/h1>\t\t\t\t<\/div>\n\t\t\t\t<\/div>\n\t\t\t\t\t<\/div>\n\t\t\t\t<\/div>\n\t\t<div class=\"elementor-element elementor-element-c9e8509 e-flex e-con-boxed e-con e-parent\" data-id=\"c9e8509\" data-element_type=\"container\" data-settings=\"{&quot;background_background&quot;:&quot;classic&quot;}\">\n\t\t\t\t\t<div class=\"e-con-inner\">\n\t\t\t\t<div class=\"elementor-element elementor-element-1e54335 elementor-grid-2 elementor-posts--thumbnail-left elementor-grid-tablet-2 elementor-grid-mobile-1 elementor-widget elementor-widget-posts\" data-id=\"1e54335\" data-element_type=\"widget\" data-settings=\"{&quot;classic_columns&quot;:&quot;2&quot;,&quot;pagination_type&quot;:&quot;numbers_and_prev_next&quot;,&quot;classic_columns_tablet&quot;:&quot;2&quot;,&quot;classic_columns_mobile&quot;:&quot;1&quot;,&quot;classic_row_gap&quot;:{&quot;unit&quot;:&quot;px&quot;,&quot;size&quot;:35,&quot;sizes&quot;:[]},&quot;classic_row_gap_tablet&quot;:{&quot;unit&quot;:&quot;px&quot;,&quot;size&quot;:&quot;&quot;,&quot;sizes&quot;:[]},&quot;classic_row_gap_mobile&quot;:{&quot;unit&quot;:&quot;px&quot;,&quot;size&quot;:&quot;&quot;,&quot;sizes&quot;:[]}}\" data-widget_type=\"posts.classic\">\n\t\t\t\t<div class=\"elementor-widget-container\">\n\t\t\t\t\t\t\t<div class=\"elementor-posts-container elementor-posts elementor-posts--skin-classic elementor-grid\">\n\t\t\t\t<article class=\"elementor-post elementor-grid-item post-1439 post type-post status-publish format-standard has-post-thumbnail hentry category-sobre-crossfit tag-crossfit-para-principiantes tag-equipamiento-crossfit tag-sobre-crossfit\">\n\t\t\t\t<a class=\"elementor-post__thumbnail__link\" href=\"https:\/\/crossfit-diagonal.com\/en\/crossfit-equipment-the-basics-to-get-you-started\/\" tabindex=\"-1\" >\n\t\t\t<div class=\"elementor-post__thumbnail\"><img fetchpriority=\"high\" decoding=\"async\" width=\"1792\" height=\"1024\" src=\"https:\/\/crossfit-diagonal.com\/wp-content\/uploads\/2024\/10\/equipamiento-crossfit.webp\" class=\"attachment-full size-full wp-image-1443\" alt=\"Crossfit equipment\" srcset=\"https:\/\/crossfit-diagonal.com\/wp-content\/uploads\/2024\/10\/equipamiento-crossfit.webp 1792w, https:\/\/crossfit-diagonal.com\/wp-content\/uploads\/2024\/10\/equipamiento-crossfit-300x171.webp 300w, https:\/\/crossfit-diagonal.com\/wp-content\/uploads\/2024\/10\/equipamiento-crossfit-1024x585.webp 1024w, https:\/\/crossfit-diagonal.com\/wp-content\/uploads\/2024\/10\/equipamiento-crossfit-768x439.webp 768w, https:\/\/crossfit-diagonal.com\/wp-content\/uploads\/2024\/10\/equipamiento-crossfit-1536x878.webp 1536w, https:\/\/crossfit-diagonal.com\/wp-content\/uploads\/2024\/10\/equipamiento-crossfit-18x10.webp 18w\" sizes=\"(max-width: 1792px) 100vw, 1792px\" \/><\/div>\n\t\t<\/a>\n\t\t\t\t<div class=\"elementor-post__text\">\n\t\t\t\t<h2 class=\"elementor-post__title\">\n\t\t\t<a href=\"https:\/\/crossfit-diagonal.com\/en\/crossfit-equipment-the-basics-to-get-you-started\/\" >\n\t\t\t\tCrossFit Equipment: The Basics to Get Started\t\t\t<\/a>\n\t\t<\/h2>\n\t\t\t\t<div class=\"elementor-post__meta-data\">\n\t\t\t\t\t<span class=\"elementor-post-date\">\n\t\t\tOctober 17, 2024\t\t<\/span>\n\t\t\t\t<\/div>\n\t\t\t\t<div class=\"elementor-post__excerpt\">\n\t\t\t<p>If you're thinking about getting into the exciting world of CrossFit, you've come to the right place. CrossFit, created by Greg Glassman, combines functional training,<\/p>\n\t\t<\/div>\n\t\t\n\t\t<a class=\"elementor-post__read-more\" href=\"https:\/\/crossfit-diagonal.com\/en\/crossfit-equipment-the-basics-to-get-you-started\/\" aria-label=\"Read more about Equipamiento CrossFit: Lo B\u00e1sico para Empezar\" tabindex=\"-1\" >\n\t\t\tRead More \"\t\t<\/a>\n\n\t\t\t\t<\/div>\n\t\t\t\t<\/article>\n\t\t\t\t<article class=\"elementor-post elementor-grid-item post-1416 post type-post status-publish format-standard has-post-thumbnail hentry category-sobre-crossfit tag-sobre-crossfit\">\n\t\t\t\t<a class=\"elementor-post__thumbnail__link\" href=\"https:\/\/crossfit-diagonal.com\/en\/crossfit-and-other-sports-training-methods\/\" tabindex=\"-1\" >\n\t\t\t<div class=\"elementor-post__thumbnail\"><img decoding=\"async\" width=\"1792\" height=\"1024\" src=\"https:\/\/crossfit-diagonal.com\/wp-content\/uploads\/2024\/10\/crossfit-vs-otros.webp\" class=\"attachment-full size-full wp-image-1417\" alt=\"Crossfit vs Other Training Methods\" srcset=\"https:\/\/crossfit-diagonal.com\/wp-content\/uploads\/2024\/10\/crossfit-vs-otros.webp 1792w, https:\/\/crossfit-diagonal.com\/wp-content\/uploads\/2024\/10\/crossfit-vs-otros-300x171.webp 300w, https:\/\/crossfit-diagonal.com\/wp-content\/uploads\/2024\/10\/crossfit-vs-otros-1024x585.webp 1024w, https:\/\/crossfit-diagonal.com\/wp-content\/uploads\/2024\/10\/crossfit-vs-otros-768x439.webp 768w, https:\/\/crossfit-diagonal.com\/wp-content\/uploads\/2024\/10\/crossfit-vs-otros-1536x878.webp 1536w, https:\/\/crossfit-diagonal.com\/wp-content\/uploads\/2024\/10\/crossfit-vs-otros-18x10.webp 18w\" sizes=\"(max-width: 1792px) 100vw, 1792px\" \/><\/div>\n\t\t<\/a>\n\t\t\t\t<div class=\"elementor-post__text\">\n\t\t\t\t<h2 class=\"elementor-post__title\">\n\t\t\t<a href=\"https:\/\/crossfit-diagonal.com\/en\/crossfit-and-other-sports-training-methods\/\" >\n\t\t\t\tCrossFit and Other Sports Training Methods\t\t\t<\/a>\n\t\t<\/h2>\n\t\t\t\t<div class=\"elementor-post__meta-data\">\n\t\t\t\t\t<span class=\"elementor-post-date\">\n\t\t\tOctober 3, 2024\t\t<\/span>\n\t\t\t\t<\/div>\n\t\t\t\t<div class=\"elementor-post__excerpt\">\n\t\t\t<p>If you're here, it's because you're interested in finding out more about how you can improve your fitness and sports performance. Let's explore the methods of<\/p>\n\t\t<\/div>\n\t\t\n\t\t<a class=\"elementor-post__read-more\" href=\"https:\/\/crossfit-diagonal.com\/en\/crossfit-and-other-sports-training-methods\/\" aria-label=\"Read more about CrossFit and Other Sports Training Methods\" tabindex=\"-1\" >\n\t\t\tRead More \"\t\t<\/a>\n\n\t\t\t\t<\/div>\n\t\t\t\t<\/article>\n\t\t\t\t<article class=\"elementor-post elementor-grid-item post-433 post type-post status-publish format-standard has-post-thumbnail hentry category-sobre-crossfit tag-crossfit-para-principiantes tag-sobre-crossfit\">\n\t\t\t\t<a class=\"elementor-post__thumbnail__link\" href=\"https:\/\/crossfit-diagonal.com\/en\/prevention-of-common-crossfit-injuries\/\" tabindex=\"-1\" >\n\t\t\t<div class=\"elementor-post__thumbnail\"><img decoding=\"async\" width=\"1792\" height=\"1024\" src=\"https:\/\/crossfit-diagonal.com\/wp-content\/uploads\/2024\/08\/prevenir-lesiones-crossfit.webp\" class=\"attachment-full size-full wp-image-434\" alt=\"Injury Prevention in Crossfit\" srcset=\"https:\/\/crossfit-diagonal.com\/wp-content\/uploads\/2024\/08\/prevenir-lesiones-crossfit.webp 1792w, https:\/\/crossfit-diagonal.com\/wp-content\/uploads\/2024\/08\/prevenir-lesiones-crossfit-300x171.webp 300w, https:\/\/crossfit-diagonal.com\/wp-content\/uploads\/2024\/08\/prevenir-lesiones-crossfit-1024x585.webp 1024w, https:\/\/crossfit-diagonal.com\/wp-content\/uploads\/2024\/08\/prevenir-lesiones-crossfit-768x439.webp 768w, https:\/\/crossfit-diagonal.com\/wp-content\/uploads\/2024\/08\/prevenir-lesiones-crossfit-1536x878.webp 1536w, https:\/\/crossfit-diagonal.com\/wp-content\/uploads\/2024\/08\/prevenir-lesiones-crossfit-18x10.webp 18w\" sizes=\"(max-width: 1792px) 100vw, 1792px\" \/><\/div>\n\t\t<\/a>\n\t\t\t\t<div class=\"elementor-post__text\">\n\t\t\t\t<h2 class=\"elementor-post__title\">\n\t\t\t<a href=\"https:\/\/crossfit-diagonal.com\/en\/prevention-of-common-crossfit-injuries\/\" >\n\t\t\t\tPrevention of common CrossFit injuries\t\t\t<\/a>\n\t\t<\/h2>\n\t\t\t\t<div class=\"elementor-post__meta-data\">\n\t\t\t\t\t<span class=\"elementor-post-date\">\n\t\t\tAugust 28, 2024\t\t<\/span>\n\t\t\t\t<\/div>\n\t\t\t\t<div class=\"elementor-post__excerpt\">\n\t\t\t<p>If you love CrossFit, you know that it is an intense and exciting physical activity. However, it is also a sporting practice that can lead to<\/p>\n\t\t<\/div>\n\t\t\n\t\t<a class=\"elementor-post__read-more\" href=\"https:\/\/crossfit-diagonal.com\/en\/prevention-of-common-crossfit-injuries\/\" aria-label=\"Read more about Preventing Common CrossFit Injuries\" tabindex=\"-1\" >\n\t\t\tRead More \"\t\t<\/a>\n\n\t\t\t\t<\/div>\n\t\t\t\t<\/article>\n\t\t\t\t<article class=\"elementor-post elementor-grid-item post-395 post type-post status-publish format-standard has-post-thumbnail hentry category-sobre-crossfit tag-beneficios-del-crossfit tag-crossfit-para-principiantes tag-sobre-crossfit\">\n\t\t\t\t<a class=\"elementor-post__thumbnail__link\" href=\"https:\/\/crossfit-diagonal.com\/en\/the-role-of-the-crossfit-trainer\/\" tabindex=\"-1\" >\n\t\t\t<div class=\"elementor-post__thumbnail\"><img loading=\"lazy\" decoding=\"async\" width=\"1792\" height=\"1024\" src=\"https:\/\/crossfit-diagonal.com\/wp-content\/uploads\/2024\/07\/entrenador-crossfit.webp\" class=\"attachment-full size-full wp-image-396\" alt=\"Crossfit Coach\" srcset=\"https:\/\/crossfit-diagonal.com\/wp-content\/uploads\/2024\/07\/entrenador-crossfit.webp 1792w, https:\/\/crossfit-diagonal.com\/wp-content\/uploads\/2024\/07\/entrenador-crossfit-300x171.webp 300w, https:\/\/crossfit-diagonal.com\/wp-content\/uploads\/2024\/07\/entrenador-crossfit-1024x585.webp 1024w, https:\/\/crossfit-diagonal.com\/wp-content\/uploads\/2024\/07\/entrenador-crossfit-768x439.webp 768w, https:\/\/crossfit-diagonal.com\/wp-content\/uploads\/2024\/07\/entrenador-crossfit-1536x878.webp 1536w, https:\/\/crossfit-diagonal.com\/wp-content\/uploads\/2024\/07\/entrenador-crossfit-18x10.webp 18w\" sizes=\"(max-width: 1792px) 100vw, 1792px\" \/><\/div>\n\t\t<\/a>\n\t\t\t\t<div class=\"elementor-post__text\">\n\t\t\t\t<h2 class=\"elementor-post__title\">\n\t\t\t<a href=\"https:\/\/crossfit-diagonal.com\/en\/the-role-of-the-crossfit-trainer\/\" >\n\t\t\t\tThe Role of the CrossFit Coach\t\t\t<\/a>\n\t\t<\/h2>\n\t\t\t\t<div class=\"elementor-post__meta-data\">\n\t\t\t\t\t<span class=\"elementor-post-date\">\n\t\t\tJuly 31, 2024\t\t<\/span>\n\t\t\t\t<\/div>\n\t\t\t\t<div class=\"elementor-post__excerpt\">\n\t\t\t<p>Today we are going to talk about a key figure that can make a difference in your experience and progress: the CrossFit coach. From physical conditioning<\/p>\n\t\t<\/div>\n\t\t\n\t\t<a class=\"elementor-post__read-more\" href=\"https:\/\/crossfit-diagonal.com\/en\/the-role-of-the-crossfit-trainer\/\" aria-label=\"Read more about The Role of the CrossFit Trainer\" tabindex=\"-1\" >\n\t\t\tRead More \"\t\t<\/a>\n\n\t\t\t\t<\/div>\n\t\t\t\t<\/article>\n\t\t\t\t<article class=\"elementor-post elementor-grid-item post-383 post type-post status-publish format-standard has-post-thumbnail hentry category-sobre-crossfit tag-beneficios-del-crossfit tag-sobre-crossfit\">\n\t\t\t\t<a class=\"elementor-post__thumbnail__link\" href=\"https:\/\/crossfit-diagonal.com\/en\/benefits-of-crossfit-how-many-did-you-know\/\" tabindex=\"-1\" >\n\t\t\t<div class=\"elementor-post__thumbnail\"><img loading=\"lazy\" decoding=\"async\" width=\"1792\" height=\"1024\" src=\"https:\/\/crossfit-diagonal.com\/wp-content\/uploads\/2024\/07\/beneficios-crossfit.webp\" class=\"attachment-full size-full wp-image-384\" alt=\"Benefits of Crossfit\" srcset=\"https:\/\/crossfit-diagonal.com\/wp-content\/uploads\/2024\/07\/beneficios-crossfit.webp 1792w, https:\/\/crossfit-diagonal.com\/wp-content\/uploads\/2024\/07\/beneficios-crossfit-300x171.webp 300w, https:\/\/crossfit-diagonal.com\/wp-content\/uploads\/2024\/07\/beneficios-crossfit-1024x585.webp 1024w, https:\/\/crossfit-diagonal.com\/wp-content\/uploads\/2024\/07\/beneficios-crossfit-768x439.webp 768w, https:\/\/crossfit-diagonal.com\/wp-content\/uploads\/2024\/07\/beneficios-crossfit-1536x878.webp 1536w, https:\/\/crossfit-diagonal.com\/wp-content\/uploads\/2024\/07\/beneficios-crossfit-18x10.webp 18w\" sizes=\"(max-width: 1792px) 100vw, 1792px\" \/><\/div>\n\t\t<\/a>\n\t\t\t\t<div class=\"elementor-post__text\">\n\t\t\t\t<h2 class=\"elementor-post__title\">\n\t\t\t<a href=\"https:\/\/crossfit-diagonal.com\/en\/benefits-of-crossfit-how-many-did-you-know\/\" >\n\t\t\t\tBenefits of Crossfit: How many did you know about?\t\t\t<\/a>\n\t\t<\/h2>\n\t\t\t\t<div class=\"elementor-post__meta-data\">\n\t\t\t\t\t<span class=\"elementor-post-date\">\n\t\t\tJuly 22, 2024\t\t<\/span>\n\t\t\t\t<\/div>\n\t\t\t\t<div class=\"elementor-post__excerpt\">\n\t\t\t<p>If you've heard of Crossfit, you probably know that it's a high-intensity activity. But how many benefits of crossfit do you really know about? Today I'm going to<\/p>\n\t\t<\/div>\n\t\t\n\t\t<a class=\"elementor-post__read-more\" href=\"https:\/\/crossfit-diagonal.com\/en\/benefits-of-crossfit-how-many-did-you-know\/\" aria-label=\"Read more about Benefits of Crossfit: How many did you know about?\" tabindex=\"-1\" >\n\t\t\tRead More \"\t\t<\/a>\n\n\t\t\t\t<\/div>\n\t\t\t\t<\/article>\n\t\t\t\t<article class=\"elementor-post elementor-grid-item post-192 post type-post status-publish format-standard has-post-thumbnail hentry category-sobre-crossfit tag-crossfit-para-principiantes tag-sobre-crossfit\">\n\t\t\t\t<a class=\"elementor-post__thumbnail__link\" href=\"https:\/\/crossfit-diagonal.com\/en\/first-crossfit-class-to-look-forward-to\/\" tabindex=\"-1\" >\n\t\t\t<div class=\"elementor-post__thumbnail\"><img loading=\"lazy\" decoding=\"async\" width=\"1792\" height=\"1024\" src=\"https:\/\/crossfit-diagonal.com\/wp-content\/uploads\/2024\/06\/primera-clase-crossfit.webp\" class=\"attachment-full size-full wp-image-391\" alt=\"First Crossfit Class\" srcset=\"https:\/\/crossfit-diagonal.com\/wp-content\/uploads\/2024\/06\/primera-clase-crossfit.webp 1792w, https:\/\/crossfit-diagonal.com\/wp-content\/uploads\/2024\/06\/primera-clase-crossfit-300x171.webp 300w, https:\/\/crossfit-diagonal.com\/wp-content\/uploads\/2024\/06\/primera-clase-crossfit-1024x585.webp 1024w, https:\/\/crossfit-diagonal.com\/wp-content\/uploads\/2024\/06\/primera-clase-crossfit-768x439.webp 768w, https:\/\/crossfit-diagonal.com\/wp-content\/uploads\/2024\/06\/primera-clase-crossfit-1536x878.webp 1536w, https:\/\/crossfit-diagonal.com\/wp-content\/uploads\/2024\/06\/primera-clase-crossfit-18x10.webp 18w\" sizes=\"(max-width: 1792px) 100vw, 1792px\" \/><\/div>\n\t\t<\/a>\n\t\t\t\t<div class=\"elementor-post__text\">\n\t\t\t\t<h2 class=\"elementor-post__title\">\n\t\t\t<a href=\"https:\/\/crossfit-diagonal.com\/en\/first-crossfit-class-to-look-forward-to\/\" >\n\t\t\t\tFirst CrossFit Class: What to Expect\t\t\t<\/a>\n\t\t<\/h2>\n\t\t\t\t<div class=\"elementor-post__meta-data\">\n\t\t\t\t\t<span class=\"elementor-post-date\">\n\t\t\tJune 22, 2024\t\t<\/span>\n\t\t\t\t<\/div>\n\t\t\t\t<div class=\"elementor-post__excerpt\">\n\t\t\t<p>You've decided to take up CrossFit and you're about to attend your first class - great! Here's what you can expect<\/p>\n\t\t<\/div>\n\t\t\n\t\t<a class=\"elementor-post__read-more\" href=\"https:\/\/crossfit-diagonal.com\/en\/first-crossfit-class-to-look-forward-to\/\" aria-label=\"Read more about First CrossFit Class: What to Expect\" tabindex=\"-1\" >\n\t\t\tRead More \"\t\t<\/a>\n\n\t\t\t\t<\/div>\n\t\t\t\t<\/article>\n\t\t\t\t<\/div>\n\t\t\n\t\t\t\t\t\t<\/div>\n\t\t\t\t<\/div>\n\t\t\t\t\t<\/div>\n\t\t\t\t<\/div>\n\t\t\t\t<\/div>","protected":false},"excerpt":{"rendered":"<p>LEARN ABOUT CROSSFIT<\/p>","protected":false},"author":1,"featured_media":0,"parent":0,"menu_order":0,"comment_status":"closed","ping_status":"closed","template":"","meta":{"footnotes":""},"class_list":["post-184","page","type-page","status-publish","hentry"],"yoast_head":"<!-- This site is optimized with the Yoast SEO plugin v27.5 - https:\/\/yoast.com\/product\/yoast-seo-wordpress\/ -->\n<title>Blog - CrossFit Diagonal<\/title>\n<meta name=\"description\" content=\"Descubre todo sobre CrossFit: una gu\u00eda completa para principiantes y expertos. Aprende ejercicios, t\u00e9cnicas, rutinas y beneficios para mejorar tu condici\u00f3n f\u00edsica y llevar tu entrenamiento al siguiente nivel. \u00a1Empieza hoy mismo!\" \/>\n<meta name=\"robots\" content=\"index, follow, max-snippet:-1, max-image-preview:large, max-video-preview:-1\" \/>\n<link rel=\"canonical\" href=\"https:\/\/crossfit-diagonal.com\/en\/blog\/\" \/>\n<meta property=\"og:locale\" content=\"en_GB\" \/>\n<meta property=\"og:type\" content=\"article\" \/>\n<meta property=\"og:title\" content=\"Blog - CrossFit Diagonal\" \/>\n<meta property=\"og:description\" content=\"Descubre todo sobre CrossFit: una gu\u00eda completa para principiantes y expertos. Aprende ejercicios, t\u00e9cnicas, rutinas y beneficios para mejorar tu condici\u00f3n f\u00edsica y llevar tu entrenamiento al siguiente nivel. \u00a1Empieza hoy mismo!\" \/>\n<meta property=\"og:url\" content=\"https:\/\/crossfit-diagonal.com\/en\/blog\/\" \/>\n<meta property=\"og:site_name\" content=\"CrossFit Diagonal\" \/>\n<meta property=\"article:modified_time\" content=\"2024-09-06T14:28:58+00:00\" \/>\n<meta name=\"twitter:card\" content=\"summary_large_image\" \/>\n<meta name=\"twitter:label1\" content=\"Estimated reading time\" \/>\n\t<meta name=\"twitter:data1\" content=\"3 minutes\" \/>\n<script type=\"application\/ld+json\" class=\"yoast-schema-graph\">{\"@context\":\"https:\\\/\\\/schema.org\",\"@graph\":[{\"@type\":\"WebPage\",\"@id\":\"https:\\\/\\\/crossfit-diagonal.com\\\/en\\\/blog\\\/\",\"url\":\"https:\\\/\\\/crossfit-diagonal.com\\\/en\\\/blog\\\/\",\"name\":\"Blog - CrossFit Diagonal\",\"isPartOf\":{\"@id\":\"https:\\\/\\\/crossfit-diagonal.com\\\/#website\"},\"datePublished\":\"2024-06-22T08:44:57+00:00\",\"dateModified\":\"2024-09-06T14:28:58+00:00\",\"description\":\"Descubre todo sobre CrossFit: una gu\u00eda completa para principiantes y expertos. Aprende ejercicios, t\u00e9cnicas, rutinas y beneficios para mejorar tu condici\u00f3n f\u00edsica y llevar tu entrenamiento al siguiente nivel. \u00a1Empieza hoy mismo!\",\"breadcrumb\":{\"@id\":\"https:\\\/\\\/crossfit-diagonal.com\\\/en\\\/blog\\\/#breadcrumb\"},\"inLanguage\":\"en-GB\",\"potentialAction\":[{\"@type\":\"ReadAction\",\"target\":[\"https:\\\/\\\/crossfit-diagonal.com\\\/en\\\/blog\\\/\"]}]},{\"@type\":\"BreadcrumbList\",\"@id\":\"https:\\\/\\\/crossfit-diagonal.com\\\/en\\\/blog\\\/#breadcrumb\",\"itemListElement\":[{\"@type\":\"ListItem\",\"position\":1,\"name\":\"Portada\",\"item\":\"https:\\\/\\\/crossfit-diagonal.com\\\/\"},{\"@type\":\"ListItem\",\"position\":2,\"name\":\"Blog\"}]},{\"@type\":\"WebSite\",\"@id\":\"https:\\\/\\\/crossfit-diagonal.com\\\/#website\",\"url\":\"https:\\\/\\\/crossfit-diagonal.com\\\/\",\"name\":\"CrossFit Diagonal\",\"description\":\"Descubre el mejor CrossFit en Diagonal: Entrenamientos intensos, entrenadores expertos y una comunidad apasionada.\",\"publisher\":{\"@id\":\"https:\\\/\\\/crossfit-diagonal.com\\\/#organization\"},\"potentialAction\":[{\"@type\":\"SearchAction\",\"target\":{\"@type\":\"EntryPoint\",\"urlTemplate\":\"https:\\\/\\\/crossfit-diagonal.com\\\/?s={search_term_string}\"},\"query-input\":{\"@type\":\"PropertyValueSpecification\",\"valueRequired\":true,\"valueName\":\"search_term_string\"}}],\"inLanguage\":\"en-GB\"},{\"@type\":\"Organization\",\"@id\":\"https:\\\/\\\/crossfit-diagonal.com\\\/#organization\",\"name\":\"CrossFit Diagonal\",\"url\":\"https:\\\/\\\/crossfit-diagonal.com\\\/\",\"logo\":{\"@type\":\"ImageObject\",\"inLanguage\":\"en-GB\",\"@id\":\"https:\\\/\\\/crossfit-diagonal.com\\\/#\\\/schema\\\/logo\\\/image\\\/\",\"url\":\"https:\\\/\\\/crossfit-diagonal.com\\\/wp-content\\\/uploads\\\/2024\\\/06\\\/logo-crossfit-diagonal-h.png\",\"contentUrl\":\"https:\\\/\\\/crossfit-diagonal.com\\\/wp-content\\\/uploads\\\/2024\\\/06\\\/logo-crossfit-diagonal-h.png\",\"width\":550,\"height\":110,\"caption\":\"CrossFit Diagonal\"},\"image\":{\"@id\":\"https:\\\/\\\/crossfit-diagonal.com\\\/#\\\/schema\\\/logo\\\/image\\\/\"}}]}<\/script>\n<!-- \/ Yoast SEO plugin. -->","yoast_head_json":{"title":"Blog - CrossFit Diagonal","description":"Discover all about CrossFit: a complete guide for beginners and experts. Learn exercises, techniques, routines and benefits to improve your fitness and take your training to the next level - start today!","robots":{"index":"index","follow":"follow","max-snippet":"max-snippet:-1","max-image-preview":"max-image-preview:large","max-video-preview":"max-video-preview:-1"},"canonical":"https:\/\/crossfit-diagonal.com\/en\/blog\/","og_locale":"en_GB","og_type":"article","og_title":"Blog - CrossFit Diagonal","og_description":"Descubre todo sobre CrossFit: una gu\u00eda completa para principiantes y expertos. Aprende ejercicios, t\u00e9cnicas, rutinas y beneficios para mejorar tu condici\u00f3n f\u00edsica y llevar tu entrenamiento al siguiente nivel. \u00a1Empieza hoy mismo!","og_url":"https:\/\/crossfit-diagonal.com\/en\/blog\/","og_site_name":"CrossFit Diagonal","article_modified_time":"2024-09-06T14:28:58+00:00","twitter_card":"summary_large_image","twitter_misc":{"Estimated reading time":"3 minutes"},"schema":{"@context":"https:\/\/schema.org","@graph":[{"@type":"WebPage","@id":"https:\/\/crossfit-diagonal.com\/en\/blog\/","url":"https:\/\/crossfit-diagonal.com\/en\/blog\/","name":"Blog - CrossFit Diagonal","isPartOf":{"@id":"https:\/\/crossfit-diagonal.com\/#website"},"datePublished":"2024-06-22T08:44:57+00:00","dateModified":"2024-09-06T14:28:58+00:00","description":"Discover all about CrossFit: a complete guide for beginners and experts. Learn exercises, techniques, routines and benefits to improve your fitness and take your training to the next level - start today!","breadcrumb":{"@id":"https:\/\/crossfit-diagonal.com\/en\/blog\/#breadcrumb"},"inLanguage":"en-GB","potentialAction":[{"@type":"ReadAction","target":["https:\/\/crossfit-diagonal.com\/en\/blog\/"]}]},{"@type":"BreadcrumbList","@id":"https:\/\/crossfit-diagonal.com\/en\/blog\/#breadcrumb","itemListElement":[{"@type":"ListItem","position":1,"name":"Portada","item":"https:\/\/crossfit-diagonal.com\/"},{"@type":"ListItem","position":2,"name":"Blog"}]},{"@type":"WebSite","@id":"https:\/\/crossfit-diagonal.com\/#website","url":"https:\/\/crossfit-diagonal.com\/","name":"CrossFit Diagonal","description":"Discover the best CrossFit in Diagonal: Intense workouts, expert coaches and a passionate community.","publisher":{"@id":"https:\/\/crossfit-diagonal.com\/#organization"},"potentialAction":[{"@type":"SearchAction","target":{"@type":"EntryPoint","urlTemplate":"https:\/\/crossfit-diagonal.com\/?s={search_term_string}"},"query-input":{"@type":"PropertyValueSpecification","valueRequired":true,"valueName":"search_term_string"}}],"inLanguage":"en-GB"},{"@type":"Organization","@id":"https:\/\/crossfit-diagonal.com\/#organization","name":"CrossFit Diagonal","url":"https:\/\/crossfit-diagonal.com\/","logo":{"@type":"ImageObject","inLanguage":"en-GB","@id":"https:\/\/crossfit-diagonal.com\/#\/schema\/logo\/image\/","url":"https:\/\/crossfit-diagonal.com\/wp-content\/uploads\/2024\/06\/logo-crossfit-diagonal-h.png","contentUrl":"https:\/\/crossfit-diagonal.com\/wp-content\/uploads\/2024\/06\/logo-crossfit-diagonal-h.png","width":550,"height":110,"caption":"CrossFit Diagonal"},"image":{"@id":"https:\/\/crossfit-diagonal.com\/#\/schema\/logo\/image\/"}}]}},"_links":{"self":[{"href":"https:\/\/crossfit-diagonal.com\/en\/wp-json\/wp\/v2\/pages\/184","targetHints":{"allow":["GET"]}}],"collection":[{"href":"https:\/\/crossfit-diagonal.com\/en\/wp-json\/wp\/v2\/pages"}],"about":[{"href":"https:\/\/crossfit-diagonal.com\/en\/wp-json\/wp\/v2\/types\/page"}],"author":[{"embeddable":true,"href":"https:\/\/crossfit-diagonal.com\/en\/wp-json\/wp\/v2\/users\/1"}],"replies":[{"embeddable":true,"href":"https:\/\/crossfit-diagonal.com\/en\/wp-json\/wp\/v2\/comments?post=184"}],"version-history":[{"count":3,"href":"https:\/\/crossfit-diagonal.com\/en\/wp-json\/wp\/v2\/pages\/184\/revisions"}],"predecessor-version":[{"id":554,"href":"https:\/\/crossfit-diagonal.com\/en\/wp-json\/wp\/v2\/pages\/184\/revisions\/554"}],"wp:attachment":[{"href":"https:\/\/crossfit-diagonal.com\/en\/wp-json\/wp\/v2\/media?parent=184"}],"curies":[{"name":"wp","href":"https:\/\/api.w.org\/{rel}","templated":true}]}}