{"id":719,"date":"2024-09-16T13:02:38","date_gmt":"2024-09-16T13:02:38","guid":{"rendered":"https:\/\/crossfit-diagonal.com\/?page_id=719"},"modified":"2024-10-01T08:24:00","modified_gmt":"2024-10-01T08:24:00","slug":"filosofia","status":"publish","type":"page","link":"https:\/\/crossfit-diagonal.com\/en\/philosophy\/","title":{"rendered":"PHILOSOPHY"},"content":{"rendered":"\t\t<div data-elementor-type=\"wp-page\" data-elementor-id=\"719\" class=\"elementor elementor-719\" data-elementor-post-type=\"page\">\n\t\t\t\t<div class=\"elementor-element elementor-element-42bc9a0 e-flex e-con-boxed e-con e-parent\" data-id=\"42bc9a0\" data-element_type=\"container\" data-settings=\"{&quot;background_background&quot;:&quot;slideshow&quot;,&quot;background_slideshow_gallery&quot;:[{&quot;id&quot;:1392,&quot;url&quot;:&quot;https:\\\/\\\/crossfit-diagonal.com\\\/wp-content\\\/uploads\\\/2024\\\/10\\\/best-crossfit-in-barcelona-diagonal-scaled.jpg&quot;}],&quot;background_slideshow_loop&quot;:&quot;yes&quot;,&quot;background_slideshow_slide_duration&quot;:5000,&quot;background_slideshow_slide_transition&quot;:&quot;fade&quot;,&quot;background_slideshow_transition_duration&quot;:500}\">\n\t\t\t\t\t<div class=\"e-con-inner\">\n\t\t\t\t<div class=\"elementor-element elementor-element-849f511 elementor-widget elementor-widget-heading\" data-id=\"849f511\" data-element_type=\"widget\" data-widget_type=\"heading.default\">\n\t\t\t\t<div class=\"elementor-widget-container\">\n\t\t\t\t\t<h1 class=\"elementor-heading-title elementor-size-default\">CONOCE DIAGONAL\n<\/h1>\t\t\t\t<\/div>\n\t\t\t\t<\/div>\n\t\t\t\t<div class=\"elementor-element elementor-element-ea8ebc4 elementor-widget elementor-widget-text-editor\" data-id=\"ea8ebc4\" data-element_type=\"widget\" data-widget_type=\"text-editor.default\">\n\t\t\t\t<div class=\"elementor-widget-container\">\n\t\t\t\t\t\t\t\t\t<p>Nuestra Esencia<\/p>\t\t\t\t\t\t\t\t<\/div>\n\t\t\t\t<\/div>\n\t\t\t\t\t<\/div>\n\t\t\t\t<\/div>\n\t\t<div class=\"elementor-element elementor-element-8341647 e-con-full e-flex e-con e-parent\" data-id=\"8341647\" data-element_type=\"container\">\n\t\t<div class=\"elementor-element elementor-element-e12de07 e-con-full e-flex e-con e-child\" data-id=\"e12de07\" data-element_type=\"container\" data-settings=\"{&quot;background_background&quot;:&quot;classic&quot;}\">\n\t\t<div class=\"elementor-element elementor-element-290f69b e-con-full e-flex e-con e-child\" data-id=\"290f69b\" data-element_type=\"container\">\n\t\t\t\t<div class=\"elementor-element elementor-element-c253473 elementor-widget elementor-widget-text-editor\" data-id=\"c253473\" data-element_type=\"widget\" data-widget_type=\"text-editor.default\">\n\t\t\t\t<div class=\"elementor-widget-container\">\n\t\t\t\t\t\t\t\t\t<p>En Diagonal, tenemos una visi\u00f3n clara: mejorar el mundo a trav\u00e9s del CrossFit. Nuestro enfoque siempre est\u00e1 en las personas, porque trabajamos por y para ellas. Por eso, nuestro equipo humano es esencial. Cuando un equipo est\u00e1 formado por personas comprometidas, apasionadas, cualificadas y alineadas en una misma direcci\u00f3n, es ah\u00ed donde ocurre la verdadera magia.<\/p><p>Nacimos con la misi\u00f3n de acercar a las personas a un estilo de vida saludable y pleno, combinando el bienestar f\u00edsico y deportivo con el emocional y humano. Nuestro prop\u00f3sito es transmitir los innumerables beneficios del CrossFit y hacerlos accesibles para todos, sin importar edad, g\u00e9nero, preferencias o condici\u00f3n f\u00edsica, tanto dentro como fuera del box.<\/p><p>Con m\u00e1s de 10 a\u00f1os de trayectoria, CrossFit Diagonal es uno de los primeros box en Barcelona. Actualmente estamos ubicados en el vibrante barrio del Eixample, el coraz\u00f3n de la ciudad. Nos diferenciamos por una filosof\u00eda que trasciende la competencia, centrada en construir una comunidad unida, solidaria y comprometida.<\/p>\t\t\t\t\t\t\t\t<\/div>\n\t\t\t\t<\/div>\n\t\t\t\t<\/div>\n\t\t\t\t<\/div>\n\t\t\t\t<\/div>\n\t\t\t\t<\/div>\n\t\t","protected":false},"excerpt":{"rendered":"<p>CONOCE DIAGONAL Nuestra Esencia En Diagonal, tenemos una visi\u00f3n clara: mejorar el mundo a trav\u00e9s del CrossFit. Nuestro enfoque siempre est\u00e1 en las personas, porque trabajamos por y para ellas. Por eso, nuestro equipo humano es esencial. Cuando un equipo est\u00e1 formado por personas comprometidas, apasionadas, cualificadas y alineadas en una misma direcci\u00f3n, es ah\u00ed [&hellip;]<\/p>\n","protected":false},"author":2,"featured_media":0,"parent":0,"menu_order":0,"comment_status":"closed","ping_status":"closed","template":"","meta":{"footnotes":""},"class_list":["post-719","page","type-page","status-publish","hentry"],"yoast_head":"<!-- This site is optimized with the Yoast SEO plugin v27.5 - https:\/\/yoast.com\/product\/yoast-seo-wordpress\/ -->\n<title>FILOSOF\u00cdA - CrossFit Diagonal<\/title>\n<meta name=\"robots\" content=\"index, follow, max-snippet:-1, max-image-preview:large, max-video-preview:-1\" \/>\n<link rel=\"canonical\" href=\"https:\/\/crossfit-diagonal.com\/en\/philosophy\/\" \/>\n<meta property=\"og:locale\" content=\"en_GB\" \/>\n<meta property=\"og:type\" content=\"article\" \/>\n<meta property=\"og:title\" content=\"FILOSOF\u00cdA - CrossFit Diagonal\" \/>\n<meta property=\"og:description\" content=\"CONOCE DIAGONAL Nuestra Esencia En Diagonal, tenemos una visi\u00f3n clara: mejorar el mundo a trav\u00e9s del CrossFit. Nuestro enfoque siempre est\u00e1 en las personas, porque trabajamos por y para ellas. Por eso, nuestro equipo humano es esencial. Cuando un equipo est\u00e1 formado por personas comprometidas, apasionadas, cualificadas y alineadas en una misma direcci\u00f3n, es ah\u00ed [&hellip;]\" \/>\n<meta property=\"og:url\" content=\"https:\/\/crossfit-diagonal.com\/en\/philosophy\/\" \/>\n<meta property=\"og:site_name\" content=\"CrossFit Diagonal\" \/>\n<meta property=\"article:modified_time\" content=\"2024-10-01T08:24:00+00:00\" \/>\n<meta name=\"twitter:card\" content=\"summary_large_image\" \/>\n<meta name=\"twitter:label1\" content=\"Estimated reading time\" \/>\n\t<meta name=\"twitter:data1\" content=\"1 minute\" \/>\n<script type=\"application\/ld+json\" class=\"yoast-schema-graph\">{\"@context\":\"https:\\\/\\\/schema.org\",\"@graph\":[{\"@type\":\"WebPage\",\"@id\":\"https:\\\/\\\/crossfit-diagonal.com\\\/filosofia\\\/\",\"url\":\"https:\\\/\\\/crossfit-diagonal.com\\\/filosofia\\\/\",\"name\":\"FILOSOF\u00cdA - CrossFit Diagonal\",\"isPartOf\":{\"@id\":\"https:\\\/\\\/crossfit-diagonal.com\\\/#website\"},\"datePublished\":\"2024-09-16T13:02:38+00:00\",\"dateModified\":\"2024-10-01T08:24:00+00:00\",\"breadcrumb\":{\"@id\":\"https:\\\/\\\/crossfit-diagonal.com\\\/filosofia\\\/#breadcrumb\"},\"inLanguage\":\"en-GB\",\"potentialAction\":[{\"@type\":\"ReadAction\",\"target\":[\"https:\\\/\\\/crossfit-diagonal.com\\\/filosofia\\\/\"]}]},{\"@type\":\"BreadcrumbList\",\"@id\":\"https:\\\/\\\/crossfit-diagonal.com\\\/filosofia\\\/#breadcrumb\",\"itemListElement\":[{\"@type\":\"ListItem\",\"position\":1,\"name\":\"Portada\",\"item\":\"https:\\\/\\\/crossfit-diagonal.com\\\/\"},{\"@type\":\"ListItem\",\"position\":2,\"name\":\"FILOSOF\u00cdA\"}]},{\"@type\":\"WebSite\",\"@id\":\"https:\\\/\\\/crossfit-diagonal.com\\\/#website\",\"url\":\"https:\\\/\\\/crossfit-diagonal.com\\\/\",\"name\":\"CrossFit Diagonal\",\"description\":\"Descubre el mejor CrossFit en Diagonal: Entrenamientos intensos, entrenadores expertos y una comunidad apasionada.\",\"publisher\":{\"@id\":\"https:\\\/\\\/crossfit-diagonal.com\\\/#organization\"},\"potentialAction\":[{\"@type\":\"SearchAction\",\"target\":{\"@type\":\"EntryPoint\",\"urlTemplate\":\"https:\\\/\\\/crossfit-diagonal.com\\\/?s={search_term_string}\"},\"query-input\":{\"@type\":\"PropertyValueSpecification\",\"valueRequired\":true,\"valueName\":\"search_term_string\"}}],\"inLanguage\":\"en-GB\"},{\"@type\":\"Organization\",\"@id\":\"https:\\\/\\\/crossfit-diagonal.com\\\/#organization\",\"name\":\"CrossFit Diagonal\",\"url\":\"https:\\\/\\\/crossfit-diagonal.com\\\/\",\"logo\":{\"@type\":\"ImageObject\",\"inLanguage\":\"en-GB\",\"@id\":\"https:\\\/\\\/crossfit-diagonal.com\\\/#\\\/schema\\\/logo\\\/image\\\/\",\"url\":\"https:\\\/\\\/crossfit-diagonal.com\\\/wp-content\\\/uploads\\\/2024\\\/06\\\/logo-crossfit-diagonal-h.png\",\"contentUrl\":\"https:\\\/\\\/crossfit-diagonal.com\\\/wp-content\\\/uploads\\\/2024\\\/06\\\/logo-crossfit-diagonal-h.png\",\"width\":550,\"height\":110,\"caption\":\"CrossFit Diagonal\"},\"image\":{\"@id\":\"https:\\\/\\\/crossfit-diagonal.com\\\/#\\\/schema\\\/logo\\\/image\\\/\"}}]}<\/script>\n<!-- \/ Yoast SEO plugin. -->","yoast_head_json":{"title":"PHILOSOPHY - CrossFit Diagonal","robots":{"index":"index","follow":"follow","max-snippet":"max-snippet:-1","max-image-preview":"max-image-preview:large","max-video-preview":"max-video-preview:-1"},"canonical":"https:\/\/crossfit-diagonal.com\/en\/philosophy\/","og_locale":"en_GB","og_type":"article","og_title":"FILOSOF\u00cdA - CrossFit Diagonal","og_description":"CONOCE DIAGONAL Nuestra Esencia En Diagonal, tenemos una visi\u00f3n clara: mejorar el mundo a trav\u00e9s del CrossFit. Nuestro enfoque siempre est\u00e1 en las personas, porque trabajamos por y para ellas. Por eso, nuestro equipo humano es esencial. Cuando un equipo est\u00e1 formado por personas comprometidas, apasionadas, cualificadas y alineadas en una misma direcci\u00f3n, es ah\u00ed [&hellip;]","og_url":"https:\/\/crossfit-diagonal.com\/en\/philosophy\/","og_site_name":"CrossFit Diagonal","article_modified_time":"2024-10-01T08:24:00+00:00","twitter_card":"summary_large_image","twitter_misc":{"Estimated reading time":"1 minute"},"schema":{"@context":"https:\/\/schema.org","@graph":[{"@type":"WebPage","@id":"https:\/\/crossfit-diagonal.com\/filosofia\/","url":"https:\/\/crossfit-diagonal.com\/filosofia\/","name":"PHILOSOPHY - CrossFit Diagonal","isPartOf":{"@id":"https:\/\/crossfit-diagonal.com\/#website"},"datePublished":"2024-09-16T13:02:38+00:00","dateModified":"2024-10-01T08:24:00+00:00","breadcrumb":{"@id":"https:\/\/crossfit-diagonal.com\/filosofia\/#breadcrumb"},"inLanguage":"en-GB","potentialAction":[{"@type":"ReadAction","target":["https:\/\/crossfit-diagonal.com\/filosofia\/"]}]},{"@type":"BreadcrumbList","@id":"https:\/\/crossfit-diagonal.com\/filosofia\/#breadcrumb","itemListElement":[{"@type":"ListItem","position":1,"name":"Portada","item":"https:\/\/crossfit-diagonal.com\/"},{"@type":"ListItem","position":2,"name":"FILOSOF\u00cdA"}]},{"@type":"WebSite","@id":"https:\/\/crossfit-diagonal.com\/#website","url":"https:\/\/crossfit-diagonal.com\/","name":"CrossFit Diagonal","description":"Discover the best CrossFit in Diagonal: Intense workouts, expert coaches and a passionate community.","publisher":{"@id":"https:\/\/crossfit-diagonal.com\/#organization"},"potentialAction":[{"@type":"SearchAction","target":{"@type":"EntryPoint","urlTemplate":"https:\/\/crossfit-diagonal.com\/?s={search_term_string}"},"query-input":{"@type":"PropertyValueSpecification","valueRequired":true,"valueName":"search_term_string"}}],"inLanguage":"en-GB"},{"@type":"Organization","@id":"https:\/\/crossfit-diagonal.com\/#organization","name":"CrossFit Diagonal","url":"https:\/\/crossfit-diagonal.com\/","logo":{"@type":"ImageObject","inLanguage":"en-GB","@id":"https:\/\/crossfit-diagonal.com\/#\/schema\/logo\/image\/","url":"https:\/\/crossfit-diagonal.com\/wp-content\/uploads\/2024\/06\/logo-crossfit-diagonal-h.png","contentUrl":"https:\/\/crossfit-diagonal.com\/wp-content\/uploads\/2024\/06\/logo-crossfit-diagonal-h.png","width":550,"height":110,"caption":"CrossFit Diagonal"},"image":{"@id":"https:\/\/crossfit-diagonal.com\/#\/schema\/logo\/image\/"}}]}},"_links":{"self":[{"href":"https:\/\/crossfit-diagonal.com\/en\/wp-json\/wp\/v2\/pages\/719","targetHints":{"allow":["GET"]}}],"collection":[{"href":"https:\/\/crossfit-diagonal.com\/en\/wp-json\/wp\/v2\/pages"}],"about":[{"href":"https:\/\/crossfit-diagonal.com\/en\/wp-json\/wp\/v2\/types\/page"}],"author":[{"embeddable":true,"href":"https:\/\/crossfit-diagonal.com\/en\/wp-json\/wp\/v2\/users\/2"}],"replies":[{"embeddable":true,"href":"https:\/\/crossfit-diagonal.com\/en\/wp-json\/wp\/v2\/comments?post=719"}],"version-history":[{"count":58,"href":"https:\/\/crossfit-diagonal.com\/en\/wp-json\/wp\/v2\/pages\/719\/revisions"}],"predecessor-version":[{"id":1406,"href":"https:\/\/crossfit-diagonal.com\/en\/wp-json\/wp\/v2\/pages\/719\/revisions\/1406"}],"wp:attachment":[{"href":"https:\/\/crossfit-diagonal.com\/en\/wp-json\/wp\/v2\/media?parent=719"}],"curies":[{"name":"wp","href":"https:\/\/api.w.org\/{rel}","templated":true}]}}