{"id":992,"date":"2024-09-22T23:14:11","date_gmt":"2024-09-22T23:14:11","guid":{"rendered":"https:\/\/crossfit-diagonal.com\/?page_id=992"},"modified":"2024-09-24T00:10:08","modified_gmt":"2024-09-24T00:10:08","slug":"iniciacion","status":"publish","type":"page","link":"https:\/\/crossfit-diagonal.com\/en\/initiation\/","title":{"rendered":"INITIATION"},"content":{"rendered":"<div data-elementor-type=\"wp-page\" data-elementor-id=\"992\" class=\"elementor elementor-992\" data-elementor-post-type=\"page\">\n\t\t\t\t<div class=\"elementor-element elementor-element-6187116 e-flex e-con-boxed e-con e-parent\" data-id=\"6187116\" data-element_type=\"container\" data-settings=\"{&quot;background_background&quot;:&quot;classic&quot;}\">\n\t\t\t\t\t<div class=\"e-con-inner\">\n\t\t\t\t<div class=\"elementor-element elementor-element-573523a elementor-widget elementor-widget-heading\" data-id=\"573523a\" data-element_type=\"widget\" data-widget_type=\"heading.default\">\n\t\t\t\t<div class=\"elementor-widget-container\">\n\t\t\t\t\t<h2 class=\"elementor-heading-title elementor-size-default\">Initiation to Crossfit in Crossfit Diagonal<\/h2>\t\t\t\t<\/div>\n\t\t\t\t<\/div>\n\t\t\t\t<div class=\"elementor-element elementor-element-ed95eeb elementor-widget__width-initial elementor-widget elementor-widget-heading\" data-id=\"ed95eeb\" data-element_type=\"widget\" data-widget_type=\"heading.default\">\n\t\t\t\t<div class=\"elementor-widget-container\">\n\t\t\t\t\t<h1 class=\"elementor-heading-title elementor-size-default\">Welcome to our Crossfit Beginners Class<\/h1>\t\t\t\t<\/div>\n\t\t\t\t<\/div>\n\t\t\t\t<div class=\"elementor-element elementor-element-60116b4 elementor-widget__width-initial elementor-widget elementor-widget-text-editor\" data-id=\"60116b4\" data-element_type=\"widget\" data-widget_type=\"text-editor.default\">\n\t\t\t\t<div class=\"elementor-widget-container\">\n\t\t\t\t\t\t\t\t\tAt Crossfit Diagonal, we understand that taking the first step into a new activity can be challenging. That's why we've designed our introductory crossfit classes to offer you an immersive experience tailored to your needs, regardless of your fitness level. Our goal is to make you feel comfortable and motivated as you begin your journey into the world of crossfit.\t\t\t\t\t\t\t\t<\/div>\n\t\t\t\t<\/div>\n\t\t\t\t\t<\/div>\n\t\t\t\t<\/div>\n\t\t<div class=\"elementor-element elementor-element-3beddca e-flex e-con-boxed e-con e-parent\" data-id=\"3beddca\" data-element_type=\"container\" data-settings=\"{&quot;background_background&quot;:&quot;classic&quot;}\">\n\t\t\t\t\t<div class=\"e-con-inner\">\n\t\t\t\t<div class=\"elementor-element elementor-element-bfcc006 elementor-widget elementor-widget-heading\" data-id=\"bfcc006\" data-element_type=\"widget\" data-widget_type=\"heading.default\">\n\t\t\t\t<div class=\"elementor-widget-container\">\n\t\t\t\t\t<h2 class=\"elementor-heading-title elementor-size-default\">What can you expect from our classes?<\/h2>\t\t\t\t<\/div>\n\t\t\t\t<\/div>\n\t\t\t\t\t<\/div>\n\t\t\t\t<\/div>\n\t\t<div class=\"elementor-element elementor-element-1de6754 e-con-full e-flex e-con e-parent\" data-id=\"1de6754\" data-element_type=\"container\">\n\t\t<div class=\"elementor-element elementor-element-c0c1757 e-con-full e-flex e-con e-child\" data-id=\"c0c1757\" data-element_type=\"container\" data-settings=\"{&quot;background_background&quot;:&quot;classic&quot;}\">\n\t\t\t\t<div class=\"elementor-element elementor-element-823c17a elementor-hidden-desktop elementor-widget elementor-widget-spacer\" data-id=\"823c17a\" data-element_type=\"widget\" data-widget_type=\"spacer.default\">\n\t\t\t\t<div class=\"elementor-widget-container\">\n\t\t\t\t\t\t\t<div class=\"elementor-spacer\">\n\t\t\t<div class=\"elementor-spacer-inner\"><\/div>\n\t\t<\/div>\n\t\t\t\t\t\t<\/div>\n\t\t\t\t<\/div>\n\t\t\t\t<\/div>\n\t\t<div class=\"elementor-element elementor-element-45845d3 e-con-full e-flex e-con e-child\" data-id=\"45845d3\" data-element_type=\"container\">\n\t\t\t\t<div class=\"elementor-element elementor-element-4bc5407 elementor-widget elementor-widget-heading\" data-id=\"4bc5407\" data-element_type=\"widget\" data-widget_type=\"heading.default\">\n\t\t\t\t<div class=\"elementor-widget-container\">\n\t\t\t\t\t<h2 class=\"elementor-heading-title elementor-size-default\">Personalised Training<\/h2>\t\t\t\t<\/div>\n\t\t\t\t<\/div>\n\t\t\t\t<div class=\"elementor-element elementor-element-9f6f63e elementor-widget__width-initial elementor-widget elementor-widget-text-editor\" data-id=\"9f6f63e\" data-element_type=\"widget\" data-widget_type=\"text-editor.default\">\n\t\t\t\t<div class=\"elementor-widget-container\">\n\t\t\t\t\t\t\t\t\tOur sessions are designed for beginners and are led by qualified coaches who will guide you through the fundamentals of crossfit. You will learn proper techniques and essential exercises that form the basis of this discipline.\n\t\t\t\t\t\t\t\t<\/div>\n\t\t\t\t<\/div>\n\t\t\t\t<\/div>\n\t\t<div class=\"elementor-element elementor-element-a487f04 e-con-full e-flex e-con e-child\" data-id=\"a487f04\" data-element_type=\"container\" data-settings=\"{&quot;background_background&quot;:&quot;classic&quot;}\">\n\t\t\t\t<div class=\"elementor-element elementor-element-4ecd5b0 elementor-hidden-desktop elementor-widget elementor-widget-spacer\" data-id=\"4ecd5b0\" data-element_type=\"widget\" data-widget_type=\"spacer.default\">\n\t\t\t\t<div class=\"elementor-widget-container\">\n\t\t\t\t\t\t\t<div class=\"elementor-spacer\">\n\t\t\t<div class=\"elementor-spacer-inner\"><\/div>\n\t\t<\/div>\n\t\t\t\t\t\t<\/div>\n\t\t\t\t<\/div>\n\t\t\t\t<\/div>\n\t\t<div class=\"elementor-element elementor-element-c67bfc4 e-con-full e-flex e-con e-child\" data-id=\"c67bfc4\" data-element_type=\"container\">\n\t\t\t\t<div class=\"elementor-element elementor-element-7d006ce elementor-widget elementor-widget-heading\" data-id=\"7d006ce\" data-element_type=\"widget\" data-widget_type=\"heading.default\">\n\t\t\t\t<div class=\"elementor-widget-container\">\n\t\t\t\t\t<h2 class=\"elementor-heading-title elementor-size-default\">Inclusive and Motivating Environment<\/h2>\t\t\t\t<\/div>\n\t\t\t\t<\/div>\n\t\t\t\t<div class=\"elementor-element elementor-element-8c1ffe4 elementor-widget__width-initial elementor-widget elementor-widget-text-editor\" data-id=\"8c1ffe4\" data-element_type=\"widget\" data-widget_type=\"text-editor.default\">\n\t\t\t\t<div class=\"elementor-widget-container\">\n\t\t\t\t\t\t\t\t\tAt Crossfit Diagonal, we value diversity and foster an environment where everyone feels welcome. There is no room for judgement here; only mutual support and positive energy. We encourage you to share your doubts and encourage each other.\t\t\t\t\t\t\t\t<\/div>\n\t\t\t\t<\/div>\n\t\t\t\t<\/div>\n\t\t\t\t<\/div>\n\t\t<div class=\"elementor-element elementor-element-86955b5 e-con-full e-flex e-con e-parent\" data-id=\"86955b5\" data-element_type=\"container\">\n\t\t<div class=\"elementor-element elementor-element-1e2d643 e-con-full e-flex e-con e-child\" data-id=\"1e2d643\" data-element_type=\"container\">\n\t\t\t\t<div class=\"elementor-element elementor-element-dab6468 elementor-widget elementor-widget-heading\" data-id=\"dab6468\" data-element_type=\"widget\" data-widget_type=\"heading.default\">\n\t\t\t\t<div class=\"elementor-widget-container\">\n\t\t\t\t\t<h2 class=\"elementor-heading-title elementor-size-default\">Skills Development<\/h2>\t\t\t\t<\/div>\n\t\t\t\t<\/div>\n\t\t\t\t<div class=\"elementor-element elementor-element-7507e96 elementor-widget__width-initial elementor-widget elementor-widget-text-editor\" data-id=\"7507e96\" data-element_type=\"widget\" data-widget_type=\"text-editor.default\">\n\t\t\t\t<div class=\"elementor-widget-container\">\n\t\t\t\t\t\t\t\t\tThrough a variety of functional exercises and high intensity training, you will work not only on your strength and endurance, but also on coordination, balance and agility. Each class will bring you closer to a better version of yourself.\t\t\t\t\t\t\t\t<\/div>\n\t\t\t\t<\/div>\n\t\t\t\t<\/div>\n\t\t<div class=\"elementor-element elementor-element-8257e11 e-con-full e-flex e-con e-child\" data-id=\"8257e11\" data-element_type=\"container\" data-settings=\"{&quot;background_background&quot;:&quot;classic&quot;}\">\n\t\t\t\t<div class=\"elementor-element elementor-element-8c3e483 elementor-hidden-desktop elementor-widget elementor-widget-spacer\" data-id=\"8c3e483\" data-element_type=\"widget\" data-widget_type=\"spacer.default\">\n\t\t\t\t<div class=\"elementor-widget-container\">\n\t\t\t\t\t\t\t<div class=\"elementor-spacer\">\n\t\t\t<div class=\"elementor-spacer-inner\"><\/div>\n\t\t<\/div>\n\t\t\t\t\t\t<\/div>\n\t\t\t\t<\/div>\n\t\t\t\t<\/div>\n\t\t<div class=\"elementor-element elementor-element-c328c3c e-con-full e-flex e-con e-child\" data-id=\"c328c3c\" data-element_type=\"container\">\n\t\t\t\t<div class=\"elementor-element elementor-element-b127a24 elementor-widget elementor-widget-heading\" data-id=\"b127a24\" data-element_type=\"widget\" data-widget_type=\"heading.default\">\n\t\t\t\t<div class=\"elementor-widget-container\">\n\t\t\t\t\t<h2 class=\"elementor-heading-title elementor-size-default\">Community<\/h2>\t\t\t\t<\/div>\n\t\t\t\t<\/div>\n\t\t\t\t<div class=\"elementor-element elementor-element-53e43ff elementor-widget__width-initial elementor-widget elementor-widget-text-editor\" data-id=\"53e43ff\" data-element_type=\"widget\" data-widget_type=\"text-editor.default\">\n\t\t\t\t<div class=\"elementor-widget-container\">\n\t\t\t\t\t\t\t\t\tFrom day one, you will feel part of our community. The friendships you form in the box will provide you with the ongoing support that is essential to keep you motivated and committed to your training.\t\t\t\t\t\t\t\t<\/div>\n\t\t\t\t<\/div>\n\t\t\t\t<\/div>\n\t\t<div class=\"elementor-element elementor-element-57f2abf e-con-full e-flex e-con e-child\" data-id=\"57f2abf\" data-element_type=\"container\" data-settings=\"{&quot;background_background&quot;:&quot;classic&quot;}\">\n\t\t\t\t<div class=\"elementor-element elementor-element-b9743d4 elementor-hidden-desktop elementor-widget elementor-widget-spacer\" data-id=\"b9743d4\" data-element_type=\"widget\" data-widget_type=\"spacer.default\">\n\t\t\t\t<div class=\"elementor-widget-container\">\n\t\t\t\t\t\t\t<div class=\"elementor-spacer\">\n\t\t\t<div class=\"elementor-spacer-inner\"><\/div>\n\t\t<\/div>\n\t\t\t\t\t\t<\/div>\n\t\t\t\t<\/div>\n\t\t\t\t<\/div>\n\t\t\t\t<\/div>\n\t\t<div class=\"elementor-element elementor-element-ce2725e e-con-full e-flex e-con e-parent\" data-id=\"ce2725e\" data-element_type=\"container\" data-settings=\"{&quot;background_background&quot;:&quot;classic&quot;}\">\n\t\t<div class=\"elementor-element elementor-element-ccf8d7e e-con-full e-flex e-con e-child\" data-id=\"ccf8d7e\" data-element_type=\"container\">\n\t\t\t\t<div class=\"elementor-element elementor-element-a307cb4 elementor-widget__width-initial elementor-widget elementor-widget-heading\" data-id=\"a307cb4\" data-element_type=\"widget\" data-widget_type=\"heading.default\">\n\t\t\t\t<div class=\"elementor-widget-container\">\n\t\t\t\t\t<h2 class=\"elementor-heading-title elementor-size-default\">Who Is This Class For?<\/h2>\t\t\t\t<\/div>\n\t\t\t\t<\/div>\n\t\t\t\t<div class=\"elementor-element elementor-element-be0c62e elementor-widget__width-initial elementor-widget elementor-widget-text-editor\" data-id=\"be0c62e\" data-element_type=\"widget\" data-widget_type=\"text-editor.default\">\n\t\t\t\t<div class=\"elementor-widget-container\">\n\t\t\t\t\t\t\t\t\tThe beginner classes are designed for everyone: from those who have never exercised before to those who want to improve their crossfit technique. It doesn't matter what your previous experience is; what matters is your desire to learn and improve.\n\t\t\t\t\t\t\t\t<\/div>\n\t\t\t\t<\/div>\n\t\t\t\t<\/div>\n\t\t<div class=\"elementor-element elementor-element-de629bb e-con-full e-flex e-con e-child\" data-id=\"de629bb\" data-element_type=\"container\" data-settings=\"{&quot;background_background&quot;:&quot;classic&quot;}\">\n\t\t\t\t<div class=\"elementor-element elementor-element-3bd5f93 elementor-widget elementor-widget-image\" data-id=\"3bd5f93\" data-element_type=\"widget\" data-widget_type=\"image.default\">\n\t\t\t\t<div class=\"elementor-widget-container\">\n\t\t\t\t\t\t\t\t\t\t\t\t\t\t\t<img fetchpriority=\"high\" decoding=\"async\" width=\"743\" height=\"1024\" src=\"https:\/\/crossfit-diagonal.com\/wp-content\/uploads\/2024\/09\/DSC9026-743x1024.jpg\" class=\"attachment-large size-large wp-image-999\" alt=\"\" srcset=\"https:\/\/crossfit-diagonal.com\/wp-content\/uploads\/2024\/09\/DSC9026-743x1024.jpg 743w, https:\/\/crossfit-diagonal.com\/wp-content\/uploads\/2024\/09\/DSC9026-218x300.jpg 218w, https:\/\/crossfit-diagonal.com\/wp-content\/uploads\/2024\/09\/DSC9026-768x1058.jpg 768w, https:\/\/crossfit-diagonal.com\/wp-content\/uploads\/2024\/09\/DSC9026-1115x1536.jpg 1115w, https:\/\/crossfit-diagonal.com\/wp-content\/uploads\/2024\/09\/DSC9026-1487x2048.jpg 1487w, https:\/\/crossfit-diagonal.com\/wp-content\/uploads\/2024\/09\/DSC9026-9x12.jpg 9w, https:\/\/crossfit-diagonal.com\/wp-content\/uploads\/2024\/09\/DSC9026-scaled.jpg 1858w\" sizes=\"(max-width: 743px) 100vw, 743px\" \/>\t\t\t\t\t\t\t\t\t\t\t\t\t\t\t<\/div>\n\t\t\t\t<\/div>\n\t\t\t\t<\/div>\n\t\t\t\t<\/div>\n\t\t<div class=\"elementor-element elementor-element-ae675eb e-flex e-con-boxed e-con e-parent\" data-id=\"ae675eb\" data-element_type=\"container\">\n\t\t\t\t\t<div class=\"e-con-inner\">\n\t\t<div class=\"elementor-element elementor-element-e53cd91 e-con-full e-flex e-con e-child\" data-id=\"e53cd91\" data-element_type=\"container\">\n\t\t<div class=\"elementor-element elementor-element-36971bf e-con-full e-flex e-con e-child\" data-id=\"36971bf\" data-element_type=\"container\">\n\t\t\t\t<div class=\"elementor-element elementor-element-b0ae485 elementor-widget__width-initial elementor-widget elementor-widget-heading\" data-id=\"b0ae485\" data-element_type=\"widget\" data-widget_type=\"heading.default\">\n\t\t\t\t<div class=\"elementor-widget-container\">\n\t\t\t\t\t<h2 class=\"elementor-heading-title elementor-size-default\">Join Us<\/h2>\t\t\t\t<\/div>\n\t\t\t\t<\/div>\n\t\t\t\t<div class=\"elementor-element elementor-element-514d8c2 elementor-widget__width-initial elementor-widget elementor-widget-text-editor\" data-id=\"514d8c2\" data-element_type=\"widget\" data-widget_type=\"text-editor.default\">\n\t\t\t\t<div class=\"elementor-widget-container\">\n\t\t\t\t\t\t\t\t\t<p>If you're ready to take on the challenge and discover what crossfit can do for you, don't hesitate to join our beginner classes. Here at Crossfit Diagonal, we are committed to helping you reach your goals, giving you the guidance and support you need from day one.<\/p><p><span style=\"font-weight: 400;\">We look forward to starting this exciting journey together towards a healthier and more active lifestyle! I hope the change is what you needed!<\/span><\/p>\t\t\t\t\t\t\t\t<\/div>\n\t\t\t\t<\/div>\n\t\t\t\t<\/div>\n\t\t<div class=\"elementor-element elementor-element-35eff39 e-con-full e-flex e-con e-child\" data-id=\"35eff39\" data-element_type=\"container\" data-settings=\"{&quot;background_background&quot;:&quot;classic&quot;}\">\n\t\t\t\t<div class=\"elementor-element elementor-element-d7f4525 elementor-hidden-desktop elementor-widget elementor-widget-spacer\" data-id=\"d7f4525\" data-element_type=\"widget\" data-widget_type=\"spacer.default\">\n\t\t\t\t<div class=\"elementor-widget-container\">\n\t\t\t\t\t\t\t<div class=\"elementor-spacer\">\n\t\t\t<div class=\"elementor-spacer-inner\"><\/div>\n\t\t<\/div>\n\t\t\t\t\t\t<\/div>\n\t\t\t\t<\/div>\n\t\t\t\t<\/div>\n\t\t\t\t<\/div>\n\t\t\t\t\t<\/div>\n\t\t\t\t<\/div>\n\t\t\t\t<\/div>","protected":false},"excerpt":{"rendered":"<p>Iniciaci\u00f3n al Crossfit en Crossfit Diagonal Bienvenido a nuestra Clase de Iniciaci\u00f3n al Crossfit En Crossfit Diagonal, entendemos que dar el primer paso en una nueva actividad puede ser desafiante. Por eso, hemos dise\u00f1ado nuestras clases de iniciaci\u00f3n al crossfit para ofrecerte una experiencia envolvente y adaptada a tus necesidades, sin importar tu nivel de [&hellip;]<\/p>\n","protected":false},"author":2,"featured_media":0,"parent":0,"menu_order":0,"comment_status":"closed","ping_status":"closed","template":"","meta":{"footnotes":""},"class_list":["post-992","page","type-page","status-publish","hentry"],"yoast_head":"<!-- This site is optimized with the Yoast SEO plugin v27.5 - https:\/\/yoast.com\/product\/yoast-seo-wordpress\/ -->\n<title>INICIACI\u00d3N - CrossFit Diagonal<\/title>\n<meta name=\"robots\" content=\"index, follow, max-snippet:-1, max-image-preview:large, max-video-preview:-1\" \/>\n<link rel=\"canonical\" href=\"https:\/\/crossfit-diagonal.com\/en\/initiation\/\" \/>\n<meta property=\"og:locale\" content=\"en_GB\" \/>\n<meta property=\"og:type\" content=\"article\" \/>\n<meta property=\"og:title\" content=\"INICIACI\u00d3N - CrossFit Diagonal\" \/>\n<meta property=\"og:description\" content=\"Iniciaci\u00f3n al Crossfit en Crossfit Diagonal Bienvenido a nuestra Clase de Iniciaci\u00f3n al Crossfit En Crossfit Diagonal, entendemos que dar el primer paso en una nueva actividad puede ser desafiante. Por eso, hemos dise\u00f1ado nuestras clases de iniciaci\u00f3n al crossfit para ofrecerte una experiencia envolvente y adaptada a tus necesidades, sin importar tu nivel de [&hellip;]\" \/>\n<meta property=\"og:url\" content=\"https:\/\/crossfit-diagonal.com\/en\/initiation\/\" \/>\n<meta property=\"og:site_name\" content=\"CrossFit Diagonal\" \/>\n<meta property=\"article:modified_time\" content=\"2024-09-24T00:10:08+00:00\" \/>\n<meta property=\"og:image\" content=\"https:\/\/crossfit-diagonal.com\/wp-content\/uploads\/2024\/09\/DSC9026-743x1024.jpg\" \/>\n<meta name=\"twitter:card\" content=\"summary_large_image\" \/>\n<meta name=\"twitter:label1\" content=\"Estimated reading time\" \/>\n\t<meta name=\"twitter:data1\" content=\"2 minutes\" \/>\n<script type=\"application\/ld+json\" class=\"yoast-schema-graph\">{\"@context\":\"https:\\\/\\\/schema.org\",\"@graph\":[{\"@type\":\"WebPage\",\"@id\":\"https:\\\/\\\/crossfit-diagonal.com\\\/en\\\/initiation\\\/\",\"url\":\"https:\\\/\\\/crossfit-diagonal.com\\\/en\\\/initiation\\\/\",\"name\":\"INICIACI\u00d3N - CrossFit Diagonal\",\"isPartOf\":{\"@id\":\"https:\\\/\\\/crossfit-diagonal.com\\\/#website\"},\"primaryImageOfPage\":{\"@id\":\"https:\\\/\\\/crossfit-diagonal.com\\\/en\\\/initiation\\\/#primaryimage\"},\"image\":{\"@id\":\"https:\\\/\\\/crossfit-diagonal.com\\\/en\\\/initiation\\\/#primaryimage\"},\"thumbnailUrl\":\"https:\\\/\\\/crossfit-diagonal.com\\\/wp-content\\\/uploads\\\/2024\\\/09\\\/DSC9026-743x1024.jpg\",\"datePublished\":\"2024-09-22T23:14:11+00:00\",\"dateModified\":\"2024-09-24T00:10:08+00:00\",\"breadcrumb\":{\"@id\":\"https:\\\/\\\/crossfit-diagonal.com\\\/en\\\/initiation\\\/#breadcrumb\"},\"inLanguage\":\"en-GB\",\"potentialAction\":[{\"@type\":\"ReadAction\",\"target\":[\"https:\\\/\\\/crossfit-diagonal.com\\\/en\\\/initiation\\\/\"]}]},{\"@type\":\"ImageObject\",\"inLanguage\":\"en-GB\",\"@id\":\"https:\\\/\\\/crossfit-diagonal.com\\\/en\\\/initiation\\\/#primaryimage\",\"url\":\"https:\\\/\\\/crossfit-diagonal.com\\\/wp-content\\\/uploads\\\/2024\\\/09\\\/DSC9026-743x1024.jpg\",\"contentUrl\":\"https:\\\/\\\/crossfit-diagonal.com\\\/wp-content\\\/uploads\\\/2024\\\/09\\\/DSC9026-743x1024.jpg\"},{\"@type\":\"BreadcrumbList\",\"@id\":\"https:\\\/\\\/crossfit-diagonal.com\\\/en\\\/initiation\\\/#breadcrumb\",\"itemListElement\":[{\"@type\":\"ListItem\",\"position\":1,\"name\":\"Portada\",\"item\":\"https:\\\/\\\/crossfit-diagonal.com\\\/\"},{\"@type\":\"ListItem\",\"position\":2,\"name\":\"INICIACI\u00d3N\"}]},{\"@type\":\"WebSite\",\"@id\":\"https:\\\/\\\/crossfit-diagonal.com\\\/#website\",\"url\":\"https:\\\/\\\/crossfit-diagonal.com\\\/\",\"name\":\"CrossFit Diagonal\",\"description\":\"Descubre el mejor CrossFit en Diagonal: Entrenamientos intensos, entrenadores expertos y una comunidad apasionada.\",\"publisher\":{\"@id\":\"https:\\\/\\\/crossfit-diagonal.com\\\/#organization\"},\"potentialAction\":[{\"@type\":\"SearchAction\",\"target\":{\"@type\":\"EntryPoint\",\"urlTemplate\":\"https:\\\/\\\/crossfit-diagonal.com\\\/?s={search_term_string}\"},\"query-input\":{\"@type\":\"PropertyValueSpecification\",\"valueRequired\":true,\"valueName\":\"search_term_string\"}}],\"inLanguage\":\"en-GB\"},{\"@type\":\"Organization\",\"@id\":\"https:\\\/\\\/crossfit-diagonal.com\\\/#organization\",\"name\":\"CrossFit Diagonal\",\"url\":\"https:\\\/\\\/crossfit-diagonal.com\\\/\",\"logo\":{\"@type\":\"ImageObject\",\"inLanguage\":\"en-GB\",\"@id\":\"https:\\\/\\\/crossfit-diagonal.com\\\/#\\\/schema\\\/logo\\\/image\\\/\",\"url\":\"https:\\\/\\\/crossfit-diagonal.com\\\/wp-content\\\/uploads\\\/2024\\\/06\\\/logo-crossfit-diagonal-h.png\",\"contentUrl\":\"https:\\\/\\\/crossfit-diagonal.com\\\/wp-content\\\/uploads\\\/2024\\\/06\\\/logo-crossfit-diagonal-h.png\",\"width\":550,\"height\":110,\"caption\":\"CrossFit Diagonal\"},\"image\":{\"@id\":\"https:\\\/\\\/crossfit-diagonal.com\\\/#\\\/schema\\\/logo\\\/image\\\/\"}}]}<\/script>\n<!-- \/ Yoast SEO plugin. -->","yoast_head_json":{"title":"INITIATION - CrossFit Diagonal","robots":{"index":"index","follow":"follow","max-snippet":"max-snippet:-1","max-image-preview":"max-image-preview:large","max-video-preview":"max-video-preview:-1"},"canonical":"https:\/\/crossfit-diagonal.com\/en\/initiation\/","og_locale":"en_GB","og_type":"article","og_title":"INICIACI\u00d3N - CrossFit Diagonal","og_description":"Iniciaci\u00f3n al Crossfit en Crossfit Diagonal Bienvenido a nuestra Clase de Iniciaci\u00f3n al Crossfit En Crossfit Diagonal, entendemos que dar el primer paso en una nueva actividad puede ser desafiante. Por eso, hemos dise\u00f1ado nuestras clases de iniciaci\u00f3n al crossfit para ofrecerte una experiencia envolvente y adaptada a tus necesidades, sin importar tu nivel de [&hellip;]","og_url":"https:\/\/crossfit-diagonal.com\/en\/initiation\/","og_site_name":"CrossFit Diagonal","article_modified_time":"2024-09-24T00:10:08+00:00","og_image":[{"url":"https:\/\/crossfit-diagonal.com\/wp-content\/uploads\/2024\/09\/DSC9026-743x1024.jpg","type":"","width":"","height":""}],"twitter_card":"summary_large_image","twitter_misc":{"Estimated reading time":"2 minutes"},"schema":{"@context":"https:\/\/schema.org","@graph":[{"@type":"WebPage","@id":"https:\/\/crossfit-diagonal.com\/en\/initiation\/","url":"https:\/\/crossfit-diagonal.com\/en\/initiation\/","name":"INITIATION - CrossFit Diagonal","isPartOf":{"@id":"https:\/\/crossfit-diagonal.com\/#website"},"primaryImageOfPage":{"@id":"https:\/\/crossfit-diagonal.com\/en\/initiation\/#primaryimage"},"image":{"@id":"https:\/\/crossfit-diagonal.com\/en\/initiation\/#primaryimage"},"thumbnailUrl":"https:\/\/crossfit-diagonal.com\/wp-content\/uploads\/2024\/09\/DSC9026-743x1024.jpg","datePublished":"2024-09-22T23:14:11+00:00","dateModified":"2024-09-24T00:10:08+00:00","breadcrumb":{"@id":"https:\/\/crossfit-diagonal.com\/en\/initiation\/#breadcrumb"},"inLanguage":"en-GB","potentialAction":[{"@type":"ReadAction","target":["https:\/\/crossfit-diagonal.com\/en\/initiation\/"]}]},{"@type":"ImageObject","inLanguage":"en-GB","@id":"https:\/\/crossfit-diagonal.com\/en\/initiation\/#primaryimage","url":"https:\/\/crossfit-diagonal.com\/wp-content\/uploads\/2024\/09\/DSC9026-743x1024.jpg","contentUrl":"https:\/\/crossfit-diagonal.com\/wp-content\/uploads\/2024\/09\/DSC9026-743x1024.jpg"},{"@type":"BreadcrumbList","@id":"https:\/\/crossfit-diagonal.com\/en\/initiation\/#breadcrumb","itemListElement":[{"@type":"ListItem","position":1,"name":"Portada","item":"https:\/\/crossfit-diagonal.com\/"},{"@type":"ListItem","position":2,"name":"INICIACI\u00d3N"}]},{"@type":"WebSite","@id":"https:\/\/crossfit-diagonal.com\/#website","url":"https:\/\/crossfit-diagonal.com\/","name":"CrossFit Diagonal","description":"Discover the best CrossFit in Diagonal: Intense workouts, expert coaches and a passionate community.","publisher":{"@id":"https:\/\/crossfit-diagonal.com\/#organization"},"potentialAction":[{"@type":"SearchAction","target":{"@type":"EntryPoint","urlTemplate":"https:\/\/crossfit-diagonal.com\/?s={search_term_string}"},"query-input":{"@type":"PropertyValueSpecification","valueRequired":true,"valueName":"search_term_string"}}],"inLanguage":"en-GB"},{"@type":"Organization","@id":"https:\/\/crossfit-diagonal.com\/#organization","name":"CrossFit Diagonal","url":"https:\/\/crossfit-diagonal.com\/","logo":{"@type":"ImageObject","inLanguage":"en-GB","@id":"https:\/\/crossfit-diagonal.com\/#\/schema\/logo\/image\/","url":"https:\/\/crossfit-diagonal.com\/wp-content\/uploads\/2024\/06\/logo-crossfit-diagonal-h.png","contentUrl":"https:\/\/crossfit-diagonal.com\/wp-content\/uploads\/2024\/06\/logo-crossfit-diagonal-h.png","width":550,"height":110,"caption":"CrossFit Diagonal"},"image":{"@id":"https:\/\/crossfit-diagonal.com\/#\/schema\/logo\/image\/"}}]}},"_links":{"self":[{"href":"https:\/\/crossfit-diagonal.com\/en\/wp-json\/wp\/v2\/pages\/992","targetHints":{"allow":["GET"]}}],"collection":[{"href":"https:\/\/crossfit-diagonal.com\/en\/wp-json\/wp\/v2\/pages"}],"about":[{"href":"https:\/\/crossfit-diagonal.com\/en\/wp-json\/wp\/v2\/types\/page"}],"author":[{"embeddable":true,"href":"https:\/\/crossfit-diagonal.com\/en\/wp-json\/wp\/v2\/users\/2"}],"replies":[{"embeddable":true,"href":"https:\/\/crossfit-diagonal.com\/en\/wp-json\/wp\/v2\/comments?post=992"}],"version-history":[{"count":25,"href":"https:\/\/crossfit-diagonal.com\/en\/wp-json\/wp\/v2\/pages\/992\/revisions"}],"predecessor-version":[{"id":1132,"href":"https:\/\/crossfit-diagonal.com\/en\/wp-json\/wp\/v2\/pages\/992\/revisions\/1132"}],"wp:attachment":[{"href":"https:\/\/crossfit-diagonal.com\/en\/wp-json\/wp\/v2\/media?parent=992"}],"curies":[{"name":"wp","href":"https:\/\/api.w.org\/{rel}","templated":true}]}}